{"id":481,"date":"2026-03-13T10:54:39","date_gmt":"2026-03-13T10:54:39","guid":{"rendered":"https:\/\/demaillestudio.codephenix.fr\/?page_id=481"},"modified":"2026-04-14T10:27:38","modified_gmt":"2026-04-14T10:27:38","slug":"a-propos","status":"publish","type":"page","link":"https:\/\/demaillestudio.codephenix.fr\/index.php\/a-propos\/","title":{"rendered":"\u00c0 propos old"},"content":{"rendered":"\t\t<div data-elementor-type=\"wp-page\" data-elementor-id=\"481\" class=\"elementor elementor-481\">\n\t\t\t\t<div class=\"elementor-element elementor-element-18dde14 e-con-full e-flex e-con e-parent\" data-id=\"18dde14\" data-element_type=\"container\" data-e-type=\"container\">\n\t\t<div class=\"elementor-element elementor-element-4d7a140 e-con-full e-flex e-con e-child\" data-id=\"4d7a140\" data-element_type=\"container\" data-e-type=\"container\">\n\t\t\t\t<div class=\"elementor-element elementor-element-0806c43 elementor-widget elementor-widget-text-editor\" data-id=\"0806c43\" data-element_type=\"widget\" data-e-type=\"widget\" data-widget_type=\"text-editor.default\">\n\t\t\t\t\t\t\t\t\t<p>D\u00e9maill\u00e9\u00a0 est un atelier cr\u00e9atif de maille bas\u00e9 \u00e0 Aubervilliers, r\u00e9gion parisienne, qui accompagne\u00a0<a href=\"https:\/\/demaillestudio.codephenix.fr\/index.php\/portfolio\/nos-clients\/\">ses clients<\/a> pour d\u00e9velopper des mod\u00e8les tricot\u00e9s de la recherche initiale au prototype final.<\/p><p>Le studio s&rsquo;occupe \u00e9galement de petites s\u00e9ries et est associ\u00e9 aux\u00a0<a href=\"https:\/\/lesmanufacturesdetricots.fr\/a-propos\/\">manufactures de tricots Jean Ruiz<\/a> afin d&rsquo;assurer les grosses productions.<\/p>\t\t\t\t\t\t\t\t<\/div>\n\t\t\t\t<\/div>\n\t\t<div class=\"elementor-element elementor-element-d9d0a76 e-con-full e-flex e-con e-child\" data-id=\"d9d0a76\" data-element_type=\"container\" data-e-type=\"container\">\n\t\t\t\t<div class=\"elementor-element elementor-element-7b5742c elementor-widget elementor-widget-image\" data-id=\"7b5742c\" data-element_type=\"widget\" data-e-type=\"widget\" data-widget_type=\"image.default\">\n\t\t\t\t\t\t\t\t\t\t\t\t\t\t\t<img fetchpriority=\"high\" decoding=\"async\" width=\"768\" height=\"1024\" src=\"https:\/\/demaillestudio.codephenix.fr\/wp-content\/uploads\/2026\/03\/2278c7c2-53ae-4cc0-ae99-7ded8f876fd6-768x1024.jpg\" class=\"attachment-large size-large wp-image-801\" alt=\"\" srcset=\"https:\/\/demaillestudio.codephenix.fr\/wp-content\/uploads\/2026\/03\/2278c7c2-53ae-4cc0-ae99-7ded8f876fd6-768x1024.jpg 768w, https:\/\/demaillestudio.codephenix.fr\/wp-content\/uploads\/2026\/03\/2278c7c2-53ae-4cc0-ae99-7ded8f876fd6-225x300.jpg 225w, https:\/\/demaillestudio.codephenix.fr\/wp-content\/uploads\/2026\/03\/2278c7c2-53ae-4cc0-ae99-7ded8f876fd6-1152x1536.jpg 1152w, https:\/\/demaillestudio.codephenix.fr\/wp-content\/uploads\/2026\/03\/2278c7c2-53ae-4cc0-ae99-7ded8f876fd6-9x12.jpg 9w, https:\/\/demaillestudio.codephenix.fr\/wp-content\/uploads\/2026\/03\/2278c7c2-53ae-4cc0-ae99-7ded8f876fd6-600x800.jpg 600w, https:\/\/demaillestudio.codephenix.fr\/wp-content\/uploads\/2026\/03\/2278c7c2-53ae-4cc0-ae99-7ded8f876fd6.jpg 1536w\" sizes=\"(max-width: 768px) 100vw, 768px\" \/>\t\t\t\t\t\t\t\t\t\t\t\t\t\t\t<\/div>\n\t\t\t\t<\/div>\n\t\t\t\t<\/div>\n\t\t<div class=\"elementor-element elementor-element-d8179c3 e-con-full e-flex e-con e-parent\" data-id=\"d8179c3\" data-element_type=\"container\" data-e-type=\"container\">\n\t\t<div class=\"elementor-element elementor-element-48a6f67 e-con-full e-flex e-con e-child\" data-id=\"48a6f67\" data-element_type=\"container\" data-e-type=\"container\">\n\t\t\t\t<div class=\"elementor-element elementor-element-d17e1ca elementor-widget elementor-widget-image\" data-id=\"d17e1ca\" data-element_type=\"widget\" data-e-type=\"widget\" data-widget_type=\"image.default\">\n\t\t\t\t\t\t\t\t\t\t\t\t\t\t\t<img decoding=\"async\" width=\"768\" height=\"1024\" src=\"https:\/\/demaillestudio.codephenix.fr\/wp-content\/uploads\/2026\/03\/IMG_7913-2-768x1024.jpg\" class=\"attachment-large size-large wp-image-802\" alt=\"\" srcset=\"https:\/\/demaillestudio.codephenix.fr\/wp-content\/uploads\/2026\/03\/IMG_7913-2-768x1024.jpg 768w, https:\/\/demaillestudio.codephenix.fr\/wp-content\/uploads\/2026\/03\/IMG_7913-2-225x300.jpg 225w, https:\/\/demaillestudio.codephenix.fr\/wp-content\/uploads\/2026\/03\/IMG_7913-2-scaled.jpg 1920w\" sizes=\"(max-width: 768px) 100vw, 768px\" \/>\t\t\t\t\t\t\t\t\t\t\t\t\t\t\t<\/div>\n\t\t\t\t<\/div>\n\t\t<div class=\"elementor-element elementor-element-d226059 e-con-full e-flex e-con e-child\" data-id=\"d226059\" data-element_type=\"container\" data-e-type=\"container\">\n\t\t\t\t<div class=\"elementor-element elementor-element-f5381f4 elementor-widget elementor-widget-text-editor\" data-id=\"f5381f4\" data-element_type=\"widget\" data-e-type=\"widget\" data-widget_type=\"text-editor.default\">\n\t\t\t\t\t\t\t\t\t<p>Co-dirig\u00e9 par deux stylistes ayant travaill\u00e9 auparavant chez Acne Studios, Louis Vuitton et Ala\u00efa, D\u00e9maill\u00e9 d\u00e9veloppe sa propre galerie d&rsquo;\u00e9chantillons \u00e0 proposer au client et commercialise chaque saison\u00a0<a href=\"https:\/\/demaillestudio.codephenix.fr\/index.php\/boutique\/\">sa ligne d&rsquo;accessoires tricot\u00e9s au sein du studio<\/a><\/p>\t\t\t\t\t\t\t\t<\/div>\n\t\t\t\t<\/div>\n\t\t\t\t<\/div>\n\t\t<div class=\"elementor-element elementor-element-c2759b4 e-con-full e-flex e-con e-parent\" data-id=\"c2759b4\" data-element_type=\"container\" data-e-type=\"container\">\n\t\t\t\t<div class=\"elementor-element elementor-element-6d84524 elementor-widget elementor-widget-text-editor\" data-id=\"6d84524\" data-element_type=\"widget\" data-e-type=\"widget\" data-widget_type=\"text-editor.default\">\n\t\t\t\t\t\t\t\t\t<p>Nous faisons les essayages au sein du studio avec nos clients et travaillons main dans la main avant la finalisation afin de s&rsquo;assurer que le produit fini corresponde \u00e0 leur attentes.<\/p>\t\t\t\t\t\t\t\t<\/div>\n\t\t\t\t<\/div>\n\t\t<div class=\"elementor-element elementor-element-eb8771e e-con-full e-flex e-con e-parent\" data-id=\"eb8771e\" data-element_type=\"container\" data-e-type=\"container\">\n\t\t<div class=\"elementor-element elementor-element-7a15543 e-con-full e-flex e-con e-child\" data-id=\"7a15543\" data-element_type=\"container\" data-e-type=\"container\">\n\t\t\t\t<div class=\"elementor-element elementor-element-aae5220 elementor-widget elementor-widget-image\" data-id=\"aae5220\" data-element_type=\"widget\" data-e-type=\"widget\" data-widget_type=\"image.default\">\n\t\t\t\t\t\t\t\t\t\t\t\t\t\t\t<img decoding=\"async\" width=\"1536\" height=\"2048\" src=\"https:\/\/demaillestudio.codephenix.fr\/wp-content\/uploads\/2026\/03\/2787ae4c-e34c-4de2-a115-32505349e433.jpg\" class=\"attachment-2048x2048 size-2048x2048 wp-image-809\" alt=\"\" srcset=\"https:\/\/demaillestudio.codephenix.fr\/wp-content\/uploads\/2026\/03\/2787ae4c-e34c-4de2-a115-32505349e433.jpg 1536w, https:\/\/demaillestudio.codephenix.fr\/wp-content\/uploads\/2026\/03\/2787ae4c-e34c-4de2-a115-32505349e433-225x300.jpg 225w, https:\/\/demaillestudio.codephenix.fr\/wp-content\/uploads\/2026\/03\/2787ae4c-e34c-4de2-a115-32505349e433-768x1024.jpg 768w, https:\/\/demaillestudio.codephenix.fr\/wp-content\/uploads\/2026\/03\/2787ae4c-e34c-4de2-a115-32505349e433-1152x1536.jpg 1152w, https:\/\/demaillestudio.codephenix.fr\/wp-content\/uploads\/2026\/03\/2787ae4c-e34c-4de2-a115-32505349e433-9x12.jpg 9w, https:\/\/demaillestudio.codephenix.fr\/wp-content\/uploads\/2026\/03\/2787ae4c-e34c-4de2-a115-32505349e433-600x800.jpg 600w\" sizes=\"(max-width: 1536px) 100vw, 1536px\" \/>\t\t\t\t\t\t\t\t\t\t\t\t\t\t\t<\/div>\n\t\t\t\t<\/div>\n\t\t<div class=\"elementor-element elementor-element-9bd0877 e-con-full e-flex e-con e-child\" data-id=\"9bd0877\" data-element_type=\"container\" data-e-type=\"container\">\n\t\t\t\t<div class=\"elementor-element elementor-element-0b3e9e8 elementor-widget elementor-widget-image\" data-id=\"0b3e9e8\" data-element_type=\"widget\" data-e-type=\"widget\" data-widget_type=\"image.default\">\n\t\t\t\t\t\t\t\t\t\t\t\t\t\t\t<img loading=\"lazy\" decoding=\"async\" width=\"1536\" height=\"2048\" src=\"https:\/\/demaillestudio.codephenix.fr\/wp-content\/uploads\/2026\/03\/e7a6df4a-71aa-48fe-8188-382596154e39.jpg\" class=\"attachment-2048x2048 size-2048x2048 wp-image-810\" alt=\"\" srcset=\"https:\/\/demaillestudio.codephenix.fr\/wp-content\/uploads\/2026\/03\/e7a6df4a-71aa-48fe-8188-382596154e39.jpg 1536w, https:\/\/demaillestudio.codephenix.fr\/wp-content\/uploads\/2026\/03\/e7a6df4a-71aa-48fe-8188-382596154e39-225x300.jpg 225w, https:\/\/demaillestudio.codephenix.fr\/wp-content\/uploads\/2026\/03\/e7a6df4a-71aa-48fe-8188-382596154e39-768x1024.jpg 768w, https:\/\/demaillestudio.codephenix.fr\/wp-content\/uploads\/2026\/03\/e7a6df4a-71aa-48fe-8188-382596154e39-1152x1536.jpg 1152w, https:\/\/demaillestudio.codephenix.fr\/wp-content\/uploads\/2026\/03\/e7a6df4a-71aa-48fe-8188-382596154e39-9x12.jpg 9w, https:\/\/demaillestudio.codephenix.fr\/wp-content\/uploads\/2026\/03\/e7a6df4a-71aa-48fe-8188-382596154e39-600x800.jpg 600w\" sizes=\"(max-width: 1536px) 100vw, 1536px\" \/>\t\t\t\t\t\t\t\t\t\t\t\t\t\t\t<\/div>\n\t\t\t\t<\/div>\n\t\t\t\t<\/div>\n\t\t\t\t<\/div>\n\t\t","protected":false},"excerpt":{"rendered":"<p>D\u00e9maill\u00e9\u00a0 est un atelier cr\u00e9atif de maille bas\u00e9 \u00e0 Aubervilliers, r\u00e9gion parisienne, qui accompagne\u00a0ses clients pour d\u00e9velopper des mod\u00e8les tricot\u00e9s [&hellip;]<\/p>\n","protected":false},"author":1,"featured_media":0,"parent":0,"menu_order":0,"comment_status":"closed","ping_status":"closed","template":"","meta":{"site-sidebar-layout":"no-sidebar","site-content-layout":"","ast-site-content-layout":"full-width-container","site-content-style":"default","site-sidebar-style":"default","ast-global-header-display":"","ast-banner-title-visibility":"","ast-main-header-display":"","ast-hfb-above-header-display":"","ast-hfb-below-header-display":"","ast-hfb-mobile-header-display":"","site-post-title":"","ast-breadcrumbs-content":"","ast-featured-img":"disabled","footer-sml-layout":"","ast-disable-related-posts":"","theme-transparent-header-meta":"","adv-header-id-meta":"","stick-header-meta":"","header-above-stick-meta":"","header-main-stick-meta":"","header-below-stick-meta":"","astra-migrate-meta-layouts":"default","ast-page-background-enabled":"default","ast-page-background-meta":{"desktop":{"background-color":"var(--ast-global-color-5)","background-image":"","background-repeat":"repeat","background-position":"center center","background-size":"auto","background-attachment":"scroll","background-type":"","background-media":"","overlay-type":"","overlay-color":"","overlay-opacity":"","overlay-gradient":""},"tablet":{"background-color":"","background-image":"","background-repeat":"repeat","background-position":"center center","background-size":"auto","background-attachment":"scroll","background-type":"","background-media":"","overlay-type":"","overlay-color":"","overlay-opacity":"","overlay-gradient":""},"mobile":{"background-color":"","background-image":"","background-repeat":"repeat","background-position":"center center","background-size":"auto","background-attachment":"scroll","background-type":"","background-media":"","overlay-type":"","overlay-color":"","overlay-opacity":"","overlay-gradient":""}},"ast-content-background-meta":{"desktop":{"background-color":"var(--ast-global-color-4)","background-image":"","background-repeat":"repeat","background-position":"center center","background-size":"auto","background-attachment":"scroll","background-type":"","background-media":"","overlay-type":"","overlay-color":"","overlay-opacity":"","overlay-gradient":""},"tablet":{"background-color":"var(--ast-global-color-4)","background-image":"","background-repeat":"repeat","background-position":"center center","background-size":"auto","background-attachment":"scroll","background-type":"","background-media":"","overlay-type":"","overlay-color":"","overlay-opacity":"","overlay-gradient":""},"mobile":{"background-color":"var(--ast-global-color-4)","background-image":"","background-repeat":"repeat","background-position":"center center","background-size":"auto","background-attachment":"scroll","background-type":"","background-media":"","overlay-type":"","overlay-color":"","overlay-opacity":"","overlay-gradient":""}},"footnotes":""},"class_list":["post-481","page","type-page","status-publish","hentry"],"yoast_head":"<!-- This site is optimized with the Yoast SEO plugin v27.2 - https:\/\/yoast.com\/product\/yoast-seo-wordpress\/ -->\n<title>D\u00e9maill\u00e9 studio - \u00c0 propos old<\/title>\n<meta name=\"description\" content=\"D\u00e9maill\u00e9 studio - D\u00e9maill\u00e9 est un atelier cr\u00e9atif de maille bas\u00e9 \u00e0 Aubervilliers, r\u00e9gion parisienne, qui accompagne ses clients pour d\u00e9velopper des mod\u00e8les tricot\u00e9s de la recherche initiale au prototype final.\" \/>\n<meta name=\"robots\" content=\"noindex, follow, max-snippet:-1, max-image-preview:large, max-video-preview:-1\" \/>\n<meta property=\"og:locale\" content=\"fr_FR\" \/>\n<meta property=\"og:type\" content=\"article\" \/>\n<meta property=\"og:title\" content=\"D\u00e9maill\u00e9 studio - \u00c0 propos old\" \/>\n<meta property=\"og:description\" content=\"D\u00e9maill\u00e9 studio - D\u00e9maill\u00e9 est un atelier cr\u00e9atif de maille bas\u00e9 \u00e0 Aubervilliers, r\u00e9gion parisienne, qui accompagne ses clients pour d\u00e9velopper des mod\u00e8les tricot\u00e9s de la recherche initiale au prototype final.\" \/>\n<meta property=\"og:url\" content=\"https:\/\/demaillestudio.codephenix.fr\/index.php\/a-propos\/\" \/>\n<meta property=\"og:site_name\" content=\"D\u00e9maill\u00e9 studio\" \/>\n<meta property=\"article:modified_time\" content=\"2026-04-14T10:27:38+00:00\" \/>\n<meta property=\"og:image\" content=\"https:\/\/demaillestudio.codephenix.fr\/wp-content\/uploads\/2026\/03\/2278c7c2-53ae-4cc0-ae99-7ded8f876fd6.jpg\" \/>\n\t<meta property=\"og:image:width\" content=\"1536\" \/>\n\t<meta property=\"og:image:height\" content=\"2048\" \/>\n\t<meta property=\"og:image:type\" content=\"image\/jpeg\" \/>\n<meta name=\"twitter:card\" content=\"summary_large_image\" \/>\n<meta name=\"twitter:label1\" content=\"Dur\u00e9e de lecture estim\u00e9e\" \/>\n\t<meta name=\"twitter:data1\" content=\"1 minute\" \/>\n<script type=\"application\/ld+json\" class=\"yoast-schema-graph\">{\"@context\":\"https:\/\/schema.org\",\"@graph\":[{\"@type\":\"WebPage\",\"@id\":\"https:\/\/demaillestudio.codephenix.fr\/index.php\/a-propos\/\",\"url\":\"https:\/\/demaillestudio.codephenix.fr\/index.php\/a-propos\/\",\"name\":\"D\u00e9maill\u00e9 studio - \u00c0 propos old\",\"isPartOf\":{\"@id\":\"https:\/\/demaillestudio.codephenix.fr\/#website\"},\"primaryImageOfPage\":{\"@id\":\"https:\/\/demaillestudio.codephenix.fr\/index.php\/a-propos\/#primaryimage\"},\"image\":{\"@id\":\"https:\/\/demaillestudio.codephenix.fr\/index.php\/a-propos\/#primaryimage\"},\"thumbnailUrl\":\"https:\/\/demaillestudio.codephenix.fr\/wp-content\/uploads\/2026\/03\/2278c7c2-53ae-4cc0-ae99-7ded8f876fd6-768x1024.jpg\",\"datePublished\":\"2026-03-13T10:54:39+00:00\",\"dateModified\":\"2026-04-14T10:27:38+00:00\",\"description\":\"D\u00e9maill\u00e9 studio - D\u00e9maill\u00e9 est un atelier cr\u00e9atif de maille bas\u00e9 \u00e0 Aubervilliers, r\u00e9gion parisienne, qui accompagne ses clients pour d\u00e9velopper des mod\u00e8les tricot\u00e9s de la recherche initiale au prototype final.\",\"breadcrumb\":{\"@id\":\"https:\/\/demaillestudio.codephenix.fr\/index.php\/a-propos\/#breadcrumb\"},\"inLanguage\":\"fr-FR\",\"potentialAction\":[{\"@type\":\"ReadAction\",\"target\":[\"https:\/\/demaillestudio.codephenix.fr\/index.php\/a-propos\/\"]}]},{\"@type\":\"ImageObject\",\"inLanguage\":\"fr-FR\",\"@id\":\"https:\/\/demaillestudio.codephenix.fr\/index.php\/a-propos\/#primaryimage\",\"url\":\"https:\/\/demaillestudio.codephenix.fr\/wp-content\/uploads\/2026\/03\/2278c7c2-53ae-4cc0-ae99-7ded8f876fd6.jpg\",\"contentUrl\":\"https:\/\/demaillestudio.codephenix.fr\/wp-content\/uploads\/2026\/03\/2278c7c2-53ae-4cc0-ae99-7ded8f876fd6.jpg\",\"width\":1536,\"height\":2048},{\"@type\":\"BreadcrumbList\",\"@id\":\"https:\/\/demaillestudio.codephenix.fr\/index.php\/a-propos\/#breadcrumb\",\"itemListElement\":[{\"@type\":\"ListItem\",\"position\":1,\"name\":\"Accueil\",\"item\":\"https:\/\/demaillestudio.codephenix.fr\/\"},{\"@type\":\"ListItem\",\"position\":2,\"name\":\"\u00c0 propos old\"}]},{\"@type\":\"WebSite\",\"@id\":\"https:\/\/demaillestudio.codephenix.fr\/#website\",\"url\":\"https:\/\/demaillestudio.codephenix.fr\/\",\"name\":\"D\u00e9maill\u00e9\",\"description\":\"Atelier D\u00e9maill\u00e9 cr\u00e9ation maille Aubervilliers Paris\",\"publisher\":{\"@id\":\"https:\/\/demaillestudio.codephenix.fr\/#organization\"},\"potentialAction\":[{\"@type\":\"SearchAction\",\"target\":{\"@type\":\"EntryPoint\",\"urlTemplate\":\"https:\/\/demaillestudio.codephenix.fr\/?s={search_term_string}\"},\"query-input\":{\"@type\":\"PropertyValueSpecification\",\"valueRequired\":true,\"valueName\":\"search_term_string\"}}],\"inLanguage\":\"fr-FR\"},{\"@type\":\"Organization\",\"@id\":\"https:\/\/demaillestudio.codephenix.fr\/#organization\",\"name\":\"Atelier D\u00e9maill\u00e9\",\"alternateName\":\"D\u00e9maill\u00e9\",\"url\":\"https:\/\/demaillestudio.codephenix.fr\/\",\"logo\":{\"@type\":\"ImageObject\",\"inLanguage\":\"fr-FR\",\"@id\":\"https:\/\/demaillestudio.codephenix.fr\/#\/schema\/logo\/image\/\",\"url\":\"https:\/\/demaillestudio.codephenix.fr\/wp-content\/uploads\/2026\/04\/cropped-cropped-cropped-Demaille-Logo-Black-scaled-1.png\",\"contentUrl\":\"https:\/\/demaillestudio.codephenix.fr\/wp-content\/uploads\/2026\/04\/cropped-cropped-cropped-Demaille-Logo-Black-scaled-1.png\",\"width\":2554,\"height\":584,\"caption\":\"Atelier D\u00e9maill\u00e9\"},\"image\":{\"@id\":\"https:\/\/demaillestudio.codephenix.fr\/#\/schema\/logo\/image\/\"},\"sameAs\":[\"https:\/\/www.instagram.com\/demaillestudio\/\",\"https:\/\/fr.linkedin.com\/company\/d\u00e9maill\u00e9\"]}]}<\/script>\n<!-- \/ Yoast SEO plugin. -->","yoast_head_json":{"title":"D\u00e9maill\u00e9 studio - \u00c0 propos old","description":"D\u00e9maill\u00e9 studio - D\u00e9maill\u00e9 est un atelier cr\u00e9atif de maille bas\u00e9 \u00e0 Aubervilliers, r\u00e9gion parisienne, qui accompagne ses clients pour d\u00e9velopper des mod\u00e8les tricot\u00e9s de la recherche initiale au prototype final.","robots":{"index":"noindex","follow":"follow","max-snippet":"max-snippet:-1","max-image-preview":"max-image-preview:large","max-video-preview":"max-video-preview:-1"},"og_locale":"fr_FR","og_type":"article","og_title":"D\u00e9maill\u00e9 studio - \u00c0 propos old","og_description":"D\u00e9maill\u00e9 studio - D\u00e9maill\u00e9 est un atelier cr\u00e9atif de maille bas\u00e9 \u00e0 Aubervilliers, r\u00e9gion parisienne, qui accompagne ses clients pour d\u00e9velopper des mod\u00e8les tricot\u00e9s de la recherche initiale au prototype final.","og_url":"https:\/\/demaillestudio.codephenix.fr\/index.php\/a-propos\/","og_site_name":"D\u00e9maill\u00e9 studio","article_modified_time":"2026-04-14T10:27:38+00:00","og_image":[{"width":1536,"height":2048,"url":"https:\/\/demaillestudio.codephenix.fr\/wp-content\/uploads\/2026\/03\/2278c7c2-53ae-4cc0-ae99-7ded8f876fd6.jpg","type":"image\/jpeg"}],"twitter_card":"summary_large_image","twitter_misc":{"Dur\u00e9e de lecture estim\u00e9e":"1 minute"},"schema":{"@context":"https:\/\/schema.org","@graph":[{"@type":"WebPage","@id":"https:\/\/demaillestudio.codephenix.fr\/index.php\/a-propos\/","url":"https:\/\/demaillestudio.codephenix.fr\/index.php\/a-propos\/","name":"D\u00e9maill\u00e9 studio - \u00c0 propos old","isPartOf":{"@id":"https:\/\/demaillestudio.codephenix.fr\/#website"},"primaryImageOfPage":{"@id":"https:\/\/demaillestudio.codephenix.fr\/index.php\/a-propos\/#primaryimage"},"image":{"@id":"https:\/\/demaillestudio.codephenix.fr\/index.php\/a-propos\/#primaryimage"},"thumbnailUrl":"https:\/\/demaillestudio.codephenix.fr\/wp-content\/uploads\/2026\/03\/2278c7c2-53ae-4cc0-ae99-7ded8f876fd6-768x1024.jpg","datePublished":"2026-03-13T10:54:39+00:00","dateModified":"2026-04-14T10:27:38+00:00","description":"D\u00e9maill\u00e9 studio - D\u00e9maill\u00e9 est un atelier cr\u00e9atif de maille bas\u00e9 \u00e0 Aubervilliers, r\u00e9gion parisienne, qui accompagne ses clients pour d\u00e9velopper des mod\u00e8les tricot\u00e9s de la recherche initiale au prototype final.","breadcrumb":{"@id":"https:\/\/demaillestudio.codephenix.fr\/index.php\/a-propos\/#breadcrumb"},"inLanguage":"fr-FR","potentialAction":[{"@type":"ReadAction","target":["https:\/\/demaillestudio.codephenix.fr\/index.php\/a-propos\/"]}]},{"@type":"ImageObject","inLanguage":"fr-FR","@id":"https:\/\/demaillestudio.codephenix.fr\/index.php\/a-propos\/#primaryimage","url":"https:\/\/demaillestudio.codephenix.fr\/wp-content\/uploads\/2026\/03\/2278c7c2-53ae-4cc0-ae99-7ded8f876fd6.jpg","contentUrl":"https:\/\/demaillestudio.codephenix.fr\/wp-content\/uploads\/2026\/03\/2278c7c2-53ae-4cc0-ae99-7ded8f876fd6.jpg","width":1536,"height":2048},{"@type":"BreadcrumbList","@id":"https:\/\/demaillestudio.codephenix.fr\/index.php\/a-propos\/#breadcrumb","itemListElement":[{"@type":"ListItem","position":1,"name":"Accueil","item":"https:\/\/demaillestudio.codephenix.fr\/"},{"@type":"ListItem","position":2,"name":"\u00c0 propos old"}]},{"@type":"WebSite","@id":"https:\/\/demaillestudio.codephenix.fr\/#website","url":"https:\/\/demaillestudio.codephenix.fr\/","name":"D\u00e9maill\u00e9","description":"Atelier D\u00e9maill\u00e9 cr\u00e9ation maille Aubervilliers Paris","publisher":{"@id":"https:\/\/demaillestudio.codephenix.fr\/#organization"},"potentialAction":[{"@type":"SearchAction","target":{"@type":"EntryPoint","urlTemplate":"https:\/\/demaillestudio.codephenix.fr\/?s={search_term_string}"},"query-input":{"@type":"PropertyValueSpecification","valueRequired":true,"valueName":"search_term_string"}}],"inLanguage":"fr-FR"},{"@type":"Organization","@id":"https:\/\/demaillestudio.codephenix.fr\/#organization","name":"Atelier D\u00e9maill\u00e9","alternateName":"D\u00e9maill\u00e9","url":"https:\/\/demaillestudio.codephenix.fr\/","logo":{"@type":"ImageObject","inLanguage":"fr-FR","@id":"https:\/\/demaillestudio.codephenix.fr\/#\/schema\/logo\/image\/","url":"https:\/\/demaillestudio.codephenix.fr\/wp-content\/uploads\/2026\/04\/cropped-cropped-cropped-Demaille-Logo-Black-scaled-1.png","contentUrl":"https:\/\/demaillestudio.codephenix.fr\/wp-content\/uploads\/2026\/04\/cropped-cropped-cropped-Demaille-Logo-Black-scaled-1.png","width":2554,"height":584,"caption":"Atelier D\u00e9maill\u00e9"},"image":{"@id":"https:\/\/demaillestudio.codephenix.fr\/#\/schema\/logo\/image\/"},"sameAs":["https:\/\/www.instagram.com\/demaillestudio\/","https:\/\/fr.linkedin.com\/company\/d\u00e9maill\u00e9"]}]}},"_links":{"self":[{"href":"https:\/\/demaillestudio.codephenix.fr\/index.php\/wp-json\/wp\/v2\/pages\/481","targetHints":{"allow":["GET"]}}],"collection":[{"href":"https:\/\/demaillestudio.codephenix.fr\/index.php\/wp-json\/wp\/v2\/pages"}],"about":[{"href":"https:\/\/demaillestudio.codephenix.fr\/index.php\/wp-json\/wp\/v2\/types\/page"}],"author":[{"embeddable":true,"href":"https:\/\/demaillestudio.codephenix.fr\/index.php\/wp-json\/wp\/v2\/users\/1"}],"replies":[{"embeddable":true,"href":"https:\/\/demaillestudio.codephenix.fr\/index.php\/wp-json\/wp\/v2\/comments?post=481"}],"version-history":[{"count":61,"href":"https:\/\/demaillestudio.codephenix.fr\/index.php\/wp-json\/wp\/v2\/pages\/481\/revisions"}],"predecessor-version":[{"id":952,"href":"https:\/\/demaillestudio.codephenix.fr\/index.php\/wp-json\/wp\/v2\/pages\/481\/revisions\/952"}],"wp:attachment":[{"href":"https:\/\/demaillestudio.codephenix.fr\/index.php\/wp-json\/wp\/v2\/media?parent=481"}],"curies":[{"name":"wp","href":"https:\/\/api.w.org\/{rel}","templated":true}]}}