{"id":86,"date":"2026-02-11T11:25:32","date_gmt":"2026-02-11T11:25:32","guid":{"rendered":"https:\/\/demaillestudio.codephenix.fr\/?page_id=86"},"modified":"2026-03-27T11:19:39","modified_gmt":"2026-03-27T11:19:39","slug":"contact","status":"publish","type":"page","link":"https:\/\/demaillestudio.codephenix.fr\/index.php\/contact\/","title":{"rendered":"Contact"},"content":{"rendered":"\t\t<div data-elementor-type=\"wp-post\" data-elementor-id=\"86\" class=\"elementor elementor-86\">\n\t\t\t\t<div class=\"elementor-element elementor-element-fa19533 e-flex e-con-boxed e-con e-parent\" data-id=\"fa19533\" data-element_type=\"container\" data-e-type=\"container\">\n\t\t\t\t\t<div class=\"e-con-inner\">\n\t\t\t\t<div class=\"elementor-element elementor-element-9394fcb elementor-widget elementor-widget-html\" data-id=\"9394fcb\" data-element_type=\"widget\" data-e-type=\"widget\" data-widget_type=\"html.default\">\n\t\t\t\t\t\n<div class=\"wpcf7 no-js\" id=\"wpcf7-f7-o1\" lang=\"fr-FR\" dir=\"ltr\" data-wpcf7-id=\"7\">\n<div class=\"screen-reader-response\"><p role=\"status\" aria-live=\"polite\" aria-atomic=\"true\"><\/p> <ul><\/ul><\/div>\n<form action=\"\/index.php\/wp-json\/wp\/v2\/pages\/86#wpcf7-f7-o1\" method=\"post\" class=\"wpcf7-form init demo\" aria-label=\"Formulaire de contact\" novalidate=\"novalidate\" data-status=\"init\">\n<fieldset class=\"hidden-fields-container\"><input type=\"hidden\" name=\"_wpcf7\" value=\"7\" \/><input type=\"hidden\" name=\"_wpcf7_version\" value=\"6.1.5\" \/><input type=\"hidden\" name=\"_wpcf7_locale\" value=\"fr_FR\" \/><input type=\"hidden\" name=\"_wpcf7_unit_tag\" value=\"wpcf7-f7-o1\" \/><input type=\"hidden\" name=\"_wpcf7_container_post\" value=\"0\" \/><input type=\"hidden\" name=\"_wpcf7_posted_data_hash\" value=\"\" \/>\n<\/fieldset>\n<p><label> Votre nom<br \/>\n<span class=\"wpcf7-form-control-wrap\" data-name=\"your-name\"><input size=\"40\" maxlength=\"400\" class=\"wpcf7-form-control wpcf7-text wpcf7-validates-as-required\" autocomplete=\"name\" aria-required=\"true\" aria-invalid=\"false\" value=\"\" type=\"text\" name=\"your-name\" \/><\/span> <\/label>\n<\/p>\n<p><label> Votre e-mail<br \/>\n<span class=\"wpcf7-form-control-wrap\" data-name=\"your-email\"><input size=\"40\" maxlength=\"400\" class=\"wpcf7-form-control wpcf7-email wpcf7-validates-as-required wpcf7-text wpcf7-validates-as-email\" autocomplete=\"email\" aria-required=\"true\" aria-invalid=\"false\" value=\"\" type=\"email\" name=\"your-email\" \/><\/span> <\/label>\n<\/p>\n<p><label> Objet<br \/>\n<span class=\"wpcf7-form-control-wrap\" data-name=\"your-subject\"><input size=\"40\" maxlength=\"400\" class=\"wpcf7-form-control wpcf7-text wpcf7-validates-as-required\" aria-required=\"true\" aria-invalid=\"false\" value=\"\" type=\"text\" name=\"your-subject\" \/><\/span> <\/label>\n<\/p>\n<p><label> Votre message<br \/>\n<span class=\"wpcf7-form-control-wrap\" data-name=\"your-message\"><textarea cols=\"40\" rows=\"10\" maxlength=\"2000\" class=\"wpcf7-form-control wpcf7-textarea wpcf7-validates-as-required\" aria-required=\"true\" aria-invalid=\"false\" name=\"your-message\"><\/textarea><\/span> <\/label>\n<\/p>\n<p><input class=\"wpcf7-form-control wpcf7-submit has-spinner\" type=\"submit\" value=\"Envoyer\" \/>\n<\/p><div class=\"wpcf7-response-output\" aria-hidden=\"true\"><\/div>\n<\/form>\n<\/div>\n\t\t\t\t<\/div>\n\t\t\t\t\t<\/div>\n\t\t\t\t<\/div>\n\t\t\t\t<\/div>\n\t\t","protected":false},"excerpt":{"rendered":"","protected":false},"author":1,"featured_media":0,"parent":0,"menu_order":0,"comment_status":"closed","ping_status":"closed","template":"","meta":{"site-sidebar-layout":"no-sidebar","site-content-layout":"","ast-site-content-layout":"full-width-container","site-content-style":"default","site-sidebar-style":"default","ast-global-header-display":"","ast-banner-title-visibility":"","ast-main-header-display":"","ast-hfb-above-header-display":"","ast-hfb-below-header-display":"","ast-hfb-mobile-header-display":"","site-post-title":"","ast-breadcrumbs-content":"","ast-featured-img":"disabled","footer-sml-layout":"","ast-disable-related-posts":"","theme-transparent-header-meta":"","adv-header-id-meta":"","stick-header-meta":"","header-above-stick-meta":"","header-main-stick-meta":"","header-below-stick-meta":"","astra-migrate-meta-layouts":"default","ast-page-background-enabled":"default","ast-page-background-meta":{"desktop":{"background-color":"var(--ast-global-color-5)","background-image":"","background-repeat":"repeat","background-position":"center center","background-size":"auto","background-attachment":"scroll","background-type":"","background-media":"","overlay-type":"","overlay-color":"","overlay-opacity":"","overlay-gradient":""},"tablet":{"background-color":"","background-image":"","background-repeat":"repeat","background-position":"center center","background-size":"auto","background-attachment":"scroll","background-type":"","background-media":"","overlay-type":"","overlay-color":"","overlay-opacity":"","overlay-gradient":""},"mobile":{"background-color":"","background-image":"","background-repeat":"repeat","background-position":"center center","background-size":"auto","background-attachment":"scroll","background-type":"","background-media":"","overlay-type":"","overlay-color":"","overlay-opacity":"","overlay-gradient":""}},"ast-content-background-meta":{"desktop":{"background-color":"var(--ast-global-color-4)","background-image":"","background-repeat":"repeat","background-position":"center center","background-size":"auto","background-attachment":"scroll","background-type":"","background-media":"","overlay-type":"","overlay-color":"","overlay-opacity":"","overlay-gradient":""},"tablet":{"background-color":"var(--ast-global-color-4)","background-image":"","background-repeat":"repeat","background-position":"center center","background-size":"auto","background-attachment":"scroll","background-type":"","background-media":"","overlay-type":"","overlay-color":"","overlay-opacity":"","overlay-gradient":""},"mobile":{"background-color":"var(--ast-global-color-4)","background-image":"","background-repeat":"repeat","background-position":"center center","background-size":"auto","background-attachment":"scroll","background-type":"","background-media":"","overlay-type":"","overlay-color":"","overlay-opacity":"","overlay-gradient":""}},"footnotes":""},"class_list":["post-86","page","type-page","status-publish","hentry"],"yoast_head":"<!-- This site is optimized with the Yoast SEO plugin v27.2 - https:\/\/yoast.com\/product\/yoast-seo-wordpress\/ -->\n<title>D\u00e9maill\u00e9 studio - Contact<\/title>\n<meta name=\"description\" content=\"D\u00e9maill\u00e9 studio - D\u00e9maill\u00e9 est un atelier cr\u00e9atif de maille bas\u00e9 \u00e0 Aubervilliers, r\u00e9gion parisienne, qui accompagne ses clients pour d\u00e9velopper des mod\u00e8les tricot\u00e9s de la recherche initiale au prototype final.\" \/>\n<meta name=\"robots\" content=\"noindex, follow, max-snippet:-1, max-image-preview:large, max-video-preview:-1\" \/>\n<meta property=\"og:locale\" content=\"fr_FR\" \/>\n<meta property=\"og:type\" content=\"article\" \/>\n<meta property=\"og:title\" content=\"D\u00e9maill\u00e9 studio - Contact\" \/>\n<meta property=\"og:description\" content=\"D\u00e9maill\u00e9 studio - D\u00e9maill\u00e9 est un atelier cr\u00e9atif de maille bas\u00e9 \u00e0 Aubervilliers, r\u00e9gion parisienne, qui accompagne ses clients pour d\u00e9velopper des mod\u00e8les tricot\u00e9s de la recherche initiale au prototype final.\" \/>\n<meta property=\"og:url\" content=\"https:\/\/demaillestudio.codephenix.fr\/index.php\/contact\/\" \/>\n<meta property=\"og:site_name\" content=\"D\u00e9maill\u00e9 studio\" \/>\n<meta property=\"article:modified_time\" content=\"2026-03-27T11:19:39+00:00\" \/>\n<meta name=\"twitter:card\" content=\"summary_large_image\" \/>\n<script type=\"application\/ld+json\" class=\"yoast-schema-graph\">{\"@context\":\"https:\/\/schema.org\",\"@graph\":[{\"@type\":\"WebPage\",\"@id\":\"https:\/\/demaillestudio.codephenix.fr\/index.php\/contact\/\",\"url\":\"https:\/\/demaillestudio.codephenix.fr\/index.php\/contact\/\",\"name\":\"D\u00e9maill\u00e9 studio - Contact\",\"isPartOf\":{\"@id\":\"https:\/\/demaillestudio.codephenix.fr\/#website\"},\"datePublished\":\"2026-02-11T11:25:32+00:00\",\"dateModified\":\"2026-03-27T11:19:39+00:00\",\"description\":\"D\u00e9maill\u00e9 studio - D\u00e9maill\u00e9 est un atelier cr\u00e9atif de maille bas\u00e9 \u00e0 Aubervilliers, r\u00e9gion parisienne, qui accompagne ses clients pour d\u00e9velopper des mod\u00e8les tricot\u00e9s de la recherche initiale au prototype final.\",\"breadcrumb\":{\"@id\":\"https:\/\/demaillestudio.codephenix.fr\/index.php\/contact\/#breadcrumb\"},\"inLanguage\":\"fr-FR\",\"potentialAction\":[{\"@type\":\"ReadAction\",\"target\":[\"https:\/\/demaillestudio.codephenix.fr\/index.php\/contact\/\"]}]},{\"@type\":\"BreadcrumbList\",\"@id\":\"https:\/\/demaillestudio.codephenix.fr\/index.php\/contact\/#breadcrumb\",\"itemListElement\":[{\"@type\":\"ListItem\",\"position\":1,\"name\":\"Accueil\",\"item\":\"https:\/\/demaillestudio.codephenix.fr\/\"},{\"@type\":\"ListItem\",\"position\":2,\"name\":\"Contact\"}]},{\"@type\":\"WebSite\",\"@id\":\"https:\/\/demaillestudio.codephenix.fr\/#website\",\"url\":\"https:\/\/demaillestudio.codephenix.fr\/\",\"name\":\"D\u00e9maill\u00e9\",\"description\":\"Atelier D\u00e9maill\u00e9 cr\u00e9ation maille Aubervilliers Paris\",\"publisher\":{\"@id\":\"https:\/\/demaillestudio.codephenix.fr\/#organization\"},\"potentialAction\":[{\"@type\":\"SearchAction\",\"target\":{\"@type\":\"EntryPoint\",\"urlTemplate\":\"https:\/\/demaillestudio.codephenix.fr\/?s={search_term_string}\"},\"query-input\":{\"@type\":\"PropertyValueSpecification\",\"valueRequired\":true,\"valueName\":\"search_term_string\"}}],\"inLanguage\":\"fr-FR\"},{\"@type\":\"Organization\",\"@id\":\"https:\/\/demaillestudio.codephenix.fr\/#organization\",\"name\":\"Atelier D\u00e9maill\u00e9\",\"alternateName\":\"D\u00e9maill\u00e9\",\"url\":\"https:\/\/demaillestudio.codephenix.fr\/\",\"logo\":{\"@type\":\"ImageObject\",\"inLanguage\":\"fr-FR\",\"@id\":\"https:\/\/demaillestudio.codephenix.fr\/#\/schema\/logo\/image\/\",\"url\":\"https:\/\/demaillestudio.codephenix.fr\/wp-content\/uploads\/2026\/04\/cropped-cropped-cropped-Demaille-Logo-Black-scaled-1.png\",\"contentUrl\":\"https:\/\/demaillestudio.codephenix.fr\/wp-content\/uploads\/2026\/04\/cropped-cropped-cropped-Demaille-Logo-Black-scaled-1.png\",\"width\":2554,\"height\":584,\"caption\":\"Atelier D\u00e9maill\u00e9\"},\"image\":{\"@id\":\"https:\/\/demaillestudio.codephenix.fr\/#\/schema\/logo\/image\/\"},\"sameAs\":[\"https:\/\/www.instagram.com\/demaillestudio\/\",\"https:\/\/fr.linkedin.com\/company\/d\u00e9maill\u00e9\"]}]}<\/script>\n<!-- \/ Yoast SEO plugin. -->","yoast_head_json":{"title":"D\u00e9maill\u00e9 studio - Contact","description":"D\u00e9maill\u00e9 studio - D\u00e9maill\u00e9 est un atelier cr\u00e9atif de maille bas\u00e9 \u00e0 Aubervilliers, r\u00e9gion parisienne, qui accompagne ses clients pour d\u00e9velopper des mod\u00e8les tricot\u00e9s de la recherche initiale au prototype final.","robots":{"index":"noindex","follow":"follow","max-snippet":"max-snippet:-1","max-image-preview":"max-image-preview:large","max-video-preview":"max-video-preview:-1"},"og_locale":"fr_FR","og_type":"article","og_title":"D\u00e9maill\u00e9 studio - Contact","og_description":"D\u00e9maill\u00e9 studio - D\u00e9maill\u00e9 est un atelier cr\u00e9atif de maille bas\u00e9 \u00e0 Aubervilliers, r\u00e9gion parisienne, qui accompagne ses clients pour d\u00e9velopper des mod\u00e8les tricot\u00e9s de la recherche initiale au prototype final.","og_url":"https:\/\/demaillestudio.codephenix.fr\/index.php\/contact\/","og_site_name":"D\u00e9maill\u00e9 studio","article_modified_time":"2026-03-27T11:19:39+00:00","twitter_card":"summary_large_image","schema":{"@context":"https:\/\/schema.org","@graph":[{"@type":"WebPage","@id":"https:\/\/demaillestudio.codephenix.fr\/index.php\/contact\/","url":"https:\/\/demaillestudio.codephenix.fr\/index.php\/contact\/","name":"D\u00e9maill\u00e9 studio - Contact","isPartOf":{"@id":"https:\/\/demaillestudio.codephenix.fr\/#website"},"datePublished":"2026-02-11T11:25:32+00:00","dateModified":"2026-03-27T11:19:39+00:00","description":"D\u00e9maill\u00e9 studio - D\u00e9maill\u00e9 est un atelier cr\u00e9atif de maille bas\u00e9 \u00e0 Aubervilliers, r\u00e9gion parisienne, qui accompagne ses clients pour d\u00e9velopper des mod\u00e8les tricot\u00e9s de la recherche initiale au prototype final.","breadcrumb":{"@id":"https:\/\/demaillestudio.codephenix.fr\/index.php\/contact\/#breadcrumb"},"inLanguage":"fr-FR","potentialAction":[{"@type":"ReadAction","target":["https:\/\/demaillestudio.codephenix.fr\/index.php\/contact\/"]}]},{"@type":"BreadcrumbList","@id":"https:\/\/demaillestudio.codephenix.fr\/index.php\/contact\/#breadcrumb","itemListElement":[{"@type":"ListItem","position":1,"name":"Accueil","item":"https:\/\/demaillestudio.codephenix.fr\/"},{"@type":"ListItem","position":2,"name":"Contact"}]},{"@type":"WebSite","@id":"https:\/\/demaillestudio.codephenix.fr\/#website","url":"https:\/\/demaillestudio.codephenix.fr\/","name":"D\u00e9maill\u00e9","description":"Atelier D\u00e9maill\u00e9 cr\u00e9ation maille Aubervilliers Paris","publisher":{"@id":"https:\/\/demaillestudio.codephenix.fr\/#organization"},"potentialAction":[{"@type":"SearchAction","target":{"@type":"EntryPoint","urlTemplate":"https:\/\/demaillestudio.codephenix.fr\/?s={search_term_string}"},"query-input":{"@type":"PropertyValueSpecification","valueRequired":true,"valueName":"search_term_string"}}],"inLanguage":"fr-FR"},{"@type":"Organization","@id":"https:\/\/demaillestudio.codephenix.fr\/#organization","name":"Atelier D\u00e9maill\u00e9","alternateName":"D\u00e9maill\u00e9","url":"https:\/\/demaillestudio.codephenix.fr\/","logo":{"@type":"ImageObject","inLanguage":"fr-FR","@id":"https:\/\/demaillestudio.codephenix.fr\/#\/schema\/logo\/image\/","url":"https:\/\/demaillestudio.codephenix.fr\/wp-content\/uploads\/2026\/04\/cropped-cropped-cropped-Demaille-Logo-Black-scaled-1.png","contentUrl":"https:\/\/demaillestudio.codephenix.fr\/wp-content\/uploads\/2026\/04\/cropped-cropped-cropped-Demaille-Logo-Black-scaled-1.png","width":2554,"height":584,"caption":"Atelier D\u00e9maill\u00e9"},"image":{"@id":"https:\/\/demaillestudio.codephenix.fr\/#\/schema\/logo\/image\/"},"sameAs":["https:\/\/www.instagram.com\/demaillestudio\/","https:\/\/fr.linkedin.com\/company\/d\u00e9maill\u00e9"]}]}},"_links":{"self":[{"href":"https:\/\/demaillestudio.codephenix.fr\/index.php\/wp-json\/wp\/v2\/pages\/86","targetHints":{"allow":["GET"]}}],"collection":[{"href":"https:\/\/demaillestudio.codephenix.fr\/index.php\/wp-json\/wp\/v2\/pages"}],"about":[{"href":"https:\/\/demaillestudio.codephenix.fr\/index.php\/wp-json\/wp\/v2\/types\/page"}],"author":[{"embeddable":true,"href":"https:\/\/demaillestudio.codephenix.fr\/index.php\/wp-json\/wp\/v2\/users\/1"}],"replies":[{"embeddable":true,"href":"https:\/\/demaillestudio.codephenix.fr\/index.php\/wp-json\/wp\/v2\/comments?post=86"}],"version-history":[{"count":10,"href":"https:\/\/demaillestudio.codephenix.fr\/index.php\/wp-json\/wp\/v2\/pages\/86\/revisions"}],"predecessor-version":[{"id":847,"href":"https:\/\/demaillestudio.codephenix.fr\/index.php\/wp-json\/wp\/v2\/pages\/86\/revisions\/847"}],"wp:attachment":[{"href":"https:\/\/demaillestudio.codephenix.fr\/index.php\/wp-json\/wp\/v2\/media?parent=86"}],"curies":[{"name":"wp","href":"https:\/\/api.w.org\/{rel}","templated":true}]}}